{"id":2,"date":"2014-10-12T17:22:13","date_gmt":"2014-10-12T17:22:13","guid":{"rendered":"http:\/\/http:\/\/anticopedie.fr\/WordPress\/"},"modified":"2025-02-27T14:09:43","modified_gmt":"2025-02-27T13:09:43","slug":"anticopedie-le-blog","status":"publish","type":"page","link":"https:\/\/anticopedie.fr\/WordPress\/","title":{"rendered":"Bienvenue sur le blog de l&rsquo;Anticop\u00e9die !"},"content":{"rendered":"<table border=\"0\" width=\"100%\" cellspacing=\"10\" cellpadding=\"5\">\n<tbody>\n<tr>\n<td style=\"text-align: center; vertical-align: top;\"><a href=\"http:\/\/anticopedie.fr\/WordPress\/?cat=4\"><img loading=\"lazy\" decoding=\"async\" class=\"alignright size-full wp-image-264\" src=\"http:\/\/anticopedie.fr\/WordPress\/wp-content\/uploads\/2014\/10\/diaule.jpg\" alt=\"diaule\" width=\"110\" height=\"170\"><\/a><br \/>\n<span style=\"font-size: 11px;\"><a href=\"http:\/\/anticopedie.fr\/WordPress\/?cat=4\" target=\"_parent\" rel=\"noopener noreferrer\">Retrouvez nos \u00e9ditos<\/a>&#8230;<\/span><\/td>\n<td style=\"text-align: center; vertical-align: top;\" width=\"600\">\n<p style=\"text-align: center;\"><span style=\"font-size: 22px;\"><span style=\"color: #003366; font-family: Arial;\"><b>Vous voici sur le blog du site<br \/>\n<a href=\"https:\/\/AnticoPedie.fr\" target=\"_blank\" rel=\"noopener noreferrer\">https:\/\/AnticoPedie.fr<\/a> <\/b><\/span><\/span><\/p>\n<p><span style=\"font-size: 12px;\"><strong><strong>Retrouver ici les \u00e9ditos et les articles de ses \u00ab\u00a0notes d&rsquo;information\u00a0\u00bb, les actualit\u00e9s&#8230;<br \/>\nDonnez votre avis, proposez de nouveaux sujets, et suivez-nous sur les r\u00e9seaux sociaux <\/strong><\/strong><\/span><\/p>\n<p><span style=\"font-size: 14px;\"><strong><a href=\"https:\/\/www.facebook.com\/pages\/LAnticop%C3%A9die\/492764084161765\" target=\"_blank\" rel=\"noopener noreferrer\"><img decoding=\"async\" src=\"http:\/\/www.anticopedie.fr\/wpimages\/facebook.gif\" alt=\"\" border=\"0\"><\/a><\/strong><\/span><br \/>\n<span style=\"font-size: 10px;\">\u00a9 reproduction interdite sans autorisation explicite.<\/span><\/td>\n<td style=\"text-align: center; vertical-align: top;\">\n<p style=\"text-align: center;\"><a href=\"http:\/\/anticopedie.fr\/WordPress\/?cat=3\" target=\"_parent\" rel=\"noopener noreferrer\"><img decoding=\"async\" style=\"width: 136px; height: 139px;\" src=\"http:\/\/www.anticopedie.fr\/wpimages\/archimedes.gif\" alt=\"\" border=\"0\"><\/a><\/p>\n<p style=\"text-align: center;\"><span style=\"font-size: 11px;\"><a href=\"http:\/\/anticopedie.fr\/WordPress\/?cat=3\" target=\"_parent\" rel=\"noopener noreferrer\">Retrouvez nos articles<\/a><\/span><\/p>\n<\/td>\n<\/tr>\n<\/tbody>\n<\/table>\n\n\n<p><\/p>\n","protected":false},"excerpt":{"rendered":"<p>Retrouvez nos \u00e9ditos&#8230; Vous voici sur le blog du site https:\/\/AnticoPedie.fr Retrouver ici les \u00e9ditos et les articles de ses \u00ab\u00a0notes d&rsquo;information\u00a0\u00bb, les actualit\u00e9s&#8230; Donnez votre avis, proposez de nouveaux sujets, et suivez-nous sur les r\u00e9seaux sociaux \u00a9 reproduction interdite &hellip; <a href=\"https:\/\/anticopedie.fr\/WordPress\/\">Continuer la lecture <span class=\"meta-nav\">&rarr;<\/span><\/a><\/p>\n","protected":false},"author":1,"featured_media":0,"parent":0,"menu_order":0,"comment_status":"open","ping_status":"open","template":"onecolumn-page.php","meta":{"footnotes":""},"class_list":["post-2","page","type-page","status-publish","hentry"],"yoast_head":"<!-- This site is optimized with the Yoast SEO plugin v27.3 - https:\/\/yoast.com\/product\/yoast-seo-wordpress\/ -->\n<title>AnticoP\u00e9die: le blog<\/title>\n<meta name=\"description\" content=\"Le blog du site de l&#039;AnticoP\u00e9die\" \/>\n<meta name=\"robots\" content=\"index, follow, max-snippet:-1, max-image-preview:large, max-video-preview:-1\" \/>\n<link rel=\"canonical\" href=\"https:\/\/anticopedie.fr\/WordPress\/\" \/>\n<meta property=\"og:locale\" content=\"fr_FR\" \/>\n<meta property=\"og:type\" content=\"article\" \/>\n<meta property=\"og:title\" content=\"AnticoP\u00e9die: le blog\" \/>\n<meta property=\"og:description\" content=\"Le blog du site de l&#039;AnticoP\u00e9die\" \/>\n<meta property=\"og:url\" content=\"https:\/\/anticopedie.fr\/WordPress\/\" \/>\n<meta property=\"og:site_name\" content=\"AnticoP\u00e9die: le blog\" \/>\n<meta property=\"article:modified_time\" content=\"2025-02-27T13:09:43+00:00\" \/>\n<meta property=\"og:image\" content=\"https:\/\/anticopedie.fr\/WordPress\/wp-content\/uploads\/2014\/10\/diaule.jpg\" \/>\n\t<meta property=\"og:image:width\" content=\"110\" \/>\n\t<meta property=\"og:image:height\" content=\"170\" \/>\n\t<meta property=\"og:image:type\" content=\"image\/jpeg\" \/>\n<script type=\"application\/ld+json\" class=\"yoast-schema-graph\">{\"@context\":\"https:\\\/\\\/schema.org\",\"@graph\":[{\"@type\":\"WebPage\",\"@id\":\"https:\\\/\\\/anticopedie.fr\\\/WordPress\\\/\",\"url\":\"https:\\\/\\\/anticopedie.fr\\\/WordPress\\\/\",\"name\":\"AnticoP\u00e9die: le blog\",\"isPartOf\":{\"@id\":\"https:\\\/\\\/anticopedie.fr\\\/WordPress\\\/#website\"},\"primaryImageOfPage\":{\"@id\":\"https:\\\/\\\/anticopedie.fr\\\/WordPress\\\/#primaryimage\"},\"image\":{\"@id\":\"https:\\\/\\\/anticopedie.fr\\\/WordPress\\\/#primaryimage\"},\"thumbnailUrl\":\"http:\\\/\\\/anticopedie.fr\\\/WordPress\\\/wp-content\\\/uploads\\\/2014\\\/10\\\/diaule.jpg\",\"datePublished\":\"2014-10-12T17:22:13+00:00\",\"dateModified\":\"2025-02-27T13:09:43+00:00\",\"description\":\"Le blog du site de l'AnticoP\u00e9die\",\"breadcrumb\":{\"@id\":\"https:\\\/\\\/anticopedie.fr\\\/WordPress\\\/#breadcrumb\"},\"inLanguage\":\"fr-FR\",\"potentialAction\":[{\"@type\":\"ReadAction\",\"target\":[\"https:\\\/\\\/anticopedie.fr\\\/WordPress\\\/\"]}]},{\"@type\":\"ImageObject\",\"inLanguage\":\"fr-FR\",\"@id\":\"https:\\\/\\\/anticopedie.fr\\\/WordPress\\\/#primaryimage\",\"url\":\"http:\\\/\\\/anticopedie.fr\\\/WordPress\\\/wp-content\\\/uploads\\\/2014\\\/10\\\/diaule.jpg\",\"contentUrl\":\"http:\\\/\\\/anticopedie.fr\\\/WordPress\\\/wp-content\\\/uploads\\\/2014\\\/10\\\/diaule.jpg\"},{\"@type\":\"BreadcrumbList\",\"@id\":\"https:\\\/\\\/anticopedie.fr\\\/WordPress\\\/#breadcrumb\",\"itemListElement\":[{\"@type\":\"ListItem\",\"position\":1,\"name\":\"Accueil\",\"item\":\"https:\\\/\\\/anticopedie.fr\\\/WordPress\\\/\"},{\"@type\":\"ListItem\",\"position\":2,\"name\":\"Bienvenue sur le blog de l&rsquo;Anticop\u00e9die !\"}]},{\"@type\":\"WebSite\",\"@id\":\"https:\\\/\\\/anticopedie.fr\\\/WordPress\\\/#website\",\"url\":\"https:\\\/\\\/anticopedie.fr\\\/WordPress\\\/\",\"name\":\"AnticoP\u00e9die: le blog\",\"description\":\"Trouvez ici les nouveaut\u00e9s de l&#039;AnticoP\u00e9die\",\"publisher\":{\"@id\":\"https:\\\/\\\/anticopedie.fr\\\/WordPress\\\/#organization\"},\"potentialAction\":[{\"@type\":\"SearchAction\",\"target\":{\"@type\":\"EntryPoint\",\"urlTemplate\":\"https:\\\/\\\/anticopedie.fr\\\/WordPress\\\/?s={search_term_string}\"},\"query-input\":{\"@type\":\"PropertyValueSpecification\",\"valueRequired\":true,\"valueName\":\"search_term_string\"}}],\"inLanguage\":\"fr-FR\"},{\"@type\":\"Organization\",\"@id\":\"https:\\\/\\\/anticopedie.fr\\\/WordPress\\\/#organization\",\"name\":\"AnticoPedie\",\"url\":\"https:\\\/\\\/anticopedie.fr\\\/WordPress\\\/\",\"logo\":{\"@type\":\"ImageObject\",\"inLanguage\":\"fr-FR\",\"@id\":\"https:\\\/\\\/anticopedie.fr\\\/WordPress\\\/#\\\/schema\\\/logo\\\/image\\\/\",\"url\":\"https:\\\/\\\/anticopedie.fr\\\/WordPress\\\/wp-content\\\/uploads\\\/2022\\\/04\\\/logo.jpg\",\"contentUrl\":\"https:\\\/\\\/anticopedie.fr\\\/WordPress\\\/wp-content\\\/uploads\\\/2022\\\/04\\\/logo.jpg\",\"width\":989,\"height\":211,\"caption\":\"AnticoPedie\"},\"image\":{\"@id\":\"https:\\\/\\\/anticopedie.fr\\\/WordPress\\\/#\\\/schema\\\/logo\\\/image\\\/\"}}]}<\/script>\n<!-- \/ Yoast SEO plugin. -->","yoast_head_json":{"title":"AnticoP\u00e9die: le blog","description":"Le blog du site de l'AnticoP\u00e9die","robots":{"index":"index","follow":"follow","max-snippet":"max-snippet:-1","max-image-preview":"max-image-preview:large","max-video-preview":"max-video-preview:-1"},"canonical":"https:\/\/anticopedie.fr\/WordPress\/","og_locale":"fr_FR","og_type":"article","og_title":"AnticoP\u00e9die: le blog","og_description":"Le blog du site de l'AnticoP\u00e9die","og_url":"https:\/\/anticopedie.fr\/WordPress\/","og_site_name":"AnticoP\u00e9die: le blog","article_modified_time":"2025-02-27T13:09:43+00:00","og_image":[{"width":110,"height":170,"url":"https:\/\/anticopedie.fr\/WordPress\/wp-content\/uploads\/2014\/10\/diaule.jpg","type":"image\/jpeg"}],"schema":{"@context":"https:\/\/schema.org","@graph":[{"@type":"WebPage","@id":"https:\/\/anticopedie.fr\/WordPress\/","url":"https:\/\/anticopedie.fr\/WordPress\/","name":"AnticoP\u00e9die: le blog","isPartOf":{"@id":"https:\/\/anticopedie.fr\/WordPress\/#website"},"primaryImageOfPage":{"@id":"https:\/\/anticopedie.fr\/WordPress\/#primaryimage"},"image":{"@id":"https:\/\/anticopedie.fr\/WordPress\/#primaryimage"},"thumbnailUrl":"http:\/\/anticopedie.fr\/WordPress\/wp-content\/uploads\/2014\/10\/diaule.jpg","datePublished":"2014-10-12T17:22:13+00:00","dateModified":"2025-02-27T13:09:43+00:00","description":"Le blog du site de l'AnticoP\u00e9die","breadcrumb":{"@id":"https:\/\/anticopedie.fr\/WordPress\/#breadcrumb"},"inLanguage":"fr-FR","potentialAction":[{"@type":"ReadAction","target":["https:\/\/anticopedie.fr\/WordPress\/"]}]},{"@type":"ImageObject","inLanguage":"fr-FR","@id":"https:\/\/anticopedie.fr\/WordPress\/#primaryimage","url":"http:\/\/anticopedie.fr\/WordPress\/wp-content\/uploads\/2014\/10\/diaule.jpg","contentUrl":"http:\/\/anticopedie.fr\/WordPress\/wp-content\/uploads\/2014\/10\/diaule.jpg"},{"@type":"BreadcrumbList","@id":"https:\/\/anticopedie.fr\/WordPress\/#breadcrumb","itemListElement":[{"@type":"ListItem","position":1,"name":"Accueil","item":"https:\/\/anticopedie.fr\/WordPress\/"},{"@type":"ListItem","position":2,"name":"Bienvenue sur le blog de l&rsquo;Anticop\u00e9die !"}]},{"@type":"WebSite","@id":"https:\/\/anticopedie.fr\/WordPress\/#website","url":"https:\/\/anticopedie.fr\/WordPress\/","name":"AnticoP\u00e9die: le blog","description":"Trouvez ici les nouveaut\u00e9s de l&#039;AnticoP\u00e9die","publisher":{"@id":"https:\/\/anticopedie.fr\/WordPress\/#organization"},"potentialAction":[{"@type":"SearchAction","target":{"@type":"EntryPoint","urlTemplate":"https:\/\/anticopedie.fr\/WordPress\/?s={search_term_string}"},"query-input":{"@type":"PropertyValueSpecification","valueRequired":true,"valueName":"search_term_string"}}],"inLanguage":"fr-FR"},{"@type":"Organization","@id":"https:\/\/anticopedie.fr\/WordPress\/#organization","name":"AnticoPedie","url":"https:\/\/anticopedie.fr\/WordPress\/","logo":{"@type":"ImageObject","inLanguage":"fr-FR","@id":"https:\/\/anticopedie.fr\/WordPress\/#\/schema\/logo\/image\/","url":"https:\/\/anticopedie.fr\/WordPress\/wp-content\/uploads\/2022\/04\/logo.jpg","contentUrl":"https:\/\/anticopedie.fr\/WordPress\/wp-content\/uploads\/2022\/04\/logo.jpg","width":989,"height":211,"caption":"AnticoPedie"},"image":{"@id":"https:\/\/anticopedie.fr\/WordPress\/#\/schema\/logo\/image\/"}}]}},"_links":{"self":[{"href":"https:\/\/anticopedie.fr\/WordPress\/index.php?rest_route=\/wp\/v2\/pages\/2","targetHints":{"allow":["GET"]}}],"collection":[{"href":"https:\/\/anticopedie.fr\/WordPress\/index.php?rest_route=\/wp\/v2\/pages"}],"about":[{"href":"https:\/\/anticopedie.fr\/WordPress\/index.php?rest_route=\/wp\/v2\/types\/page"}],"author":[{"embeddable":true,"href":"https:\/\/anticopedie.fr\/WordPress\/index.php?rest_route=\/wp\/v2\/users\/1"}],"replies":[{"embeddable":true,"href":"https:\/\/anticopedie.fr\/WordPress\/index.php?rest_route=%2Fwp%2Fv2%2Fcomments&post=2"}],"version-history":[{"count":38,"href":"https:\/\/anticopedie.fr\/WordPress\/index.php?rest_route=\/wp\/v2\/pages\/2\/revisions"}],"predecessor-version":[{"id":1344,"href":"https:\/\/anticopedie.fr\/WordPress\/index.php?rest_route=\/wp\/v2\/pages\/2\/revisions\/1344"}],"wp:attachment":[{"href":"https:\/\/anticopedie.fr\/WordPress\/index.php?rest_route=%2Fwp%2Fv2%2Fmedia&parent=2"}],"curies":[{"name":"wp","href":"https:\/\/api.w.org\/{rel}","templated":true}]}}