{"id":610,"date":"2016-11-25T07:53:49","date_gmt":"2016-11-25T06:53:49","guid":{"rendered":"http:\/\/anticopedie.fr\/WordPress\/?page_id=610"},"modified":"2016-11-25T07:53:49","modified_gmt":"2016-11-25T06:53:49","slug":"cartes-de-voeux-antiques-a-telecharger","status":"publish","type":"page","link":"https:\/\/anticopedie.fr\/WordPress\/?page_id=610","title":{"rendered":"Des cartes de v\u0153ux \u00ab\u00a0antiques\u00a0\u00bb \u00e0 t\u00e9l\u00e9charger !"},"content":{"rendered":"<p><strong><span style=\"color: navy; font-family: arial; font-size: medium;\">10 cartes en grec ancien, latin ou hi\u00e9roglyphes \u00e9gyptiens! <\/span><\/strong><\/p>\n<p><span style=\"color: black; font-family: arial; font-size: small;\"><strong><span style=\"font-family: Arial; font-size: small;\">Cliquez sur les images : <\/span><\/strong><span style=\"font-family: Arial; font-size: small;\">v<\/span>ous pourrez les t\u00e9l\u00e9charger <strong>GRATUITEMENT <sup>(1)<\/sup><\/strong><\/span><br \/>\n<sup>(1)<\/sup><small>uniquement pour votre usage personnel, \u00e0 fins d&rsquo;envois individuels. Veuillez nous consulter pour tout autre usage.<\/small> <span style=\"color: black; font-family: arial; font-size: small;\">\u00a9 l&rsquo;AnticoP\u00e9die. <\/span><\/p>\n<table>\n<tbody>\n<tr>\n<td><a href=\"http:\/\/anticopedie.fr\/WordPress\/?p=516\"><img loading=\"lazy\" decoding=\"async\" class=\"aligncenter size-medium wp-image-517\" src=\"http:\/\/anticopedie.fr\/WordPress\/wp-content\/uploads\/2016\/11\/grece1final-209x300.jpg\" alt=\"Le comble du bonheur, c'est d'\u00eatre en bonne sant\u00e9 pendant une longue vie.\" width=\"104\" height=\"150\" srcset=\"https:\/\/anticopedie.fr\/WordPress\/wp-content\/uploads\/2016\/11\/grece1final-209x300.jpg 209w, https:\/\/anticopedie.fr\/WordPress\/wp-content\/uploads\/2016\/11\/grece1final.jpg 469w\" sizes=\"auto, (max-width: 104px) 100vw, 104px\" \/><\/a><\/td>\n<td valign=\"top\">En grec ancien :<br \/>\n<em>Le comble du bonheur, c\u2019est d\u2019\u00eatre en bonne sant\u00e9 pendant une longue vie<\/em>.<br \/>\n\u00a9 H\u00e9l\u00e8ne Crochemore<\/td>\n<\/tr>\n<tr>\n<td><a href=\"http:\/\/anticopedie.fr\/WordPress\/?p=536\"><img loading=\"lazy\" decoding=\"async\" class=\"aligncenter size-medium wp-image-537\" src=\"http:\/\/anticopedie.fr\/WordPress\/wp-content\/uploads\/2016\/11\/grece2final-300x209.jpg\" alt=\"Je te souhaite beaucoup de bonnes choses.\" width=\"150\" height=\"104\" srcset=\"https:\/\/anticopedie.fr\/WordPress\/wp-content\/uploads\/2016\/11\/grece2final-300x209.jpg 300w, https:\/\/anticopedie.fr\/WordPress\/wp-content\/uploads\/2016\/11\/grece2final.jpg 672w\" sizes=\"auto, (max-width: 150px) 100vw, 150px\" \/><\/a><\/td>\n<td valign=\"top\">En grec ancien :<br \/>\n<em>Je te souhaite beaucoup de bonnes choses<\/em>.<br \/>\n\u00a9 H\u00e9l\u00e8ne Crochemore<\/td>\n<\/tr>\n<tr>\n<td><a href=\"http:\/\/anticopedie.fr\/WordPress\/?p=540\"><img loading=\"lazy\" decoding=\"async\" class=\"aligncenter size-medium wp-image-541\" src=\"http:\/\/anticopedie.fr\/WordPress\/wp-content\/uploads\/2016\/11\/grece3final-300x210.jpg\" alt=\"Que les dieux t\u2019apportent la sant\u00e9.\" width=\"150\" height=\"104\" srcset=\"https:\/\/anticopedie.fr\/WordPress\/wp-content\/uploads\/2016\/11\/grece3final-300x210.jpg 300w, https:\/\/anticopedie.fr\/WordPress\/wp-content\/uploads\/2016\/11\/grece3final.jpg 672w\" sizes=\"auto, (max-width: 150px) 100vw, 150px\" \/><\/a><\/td>\n<td valign=\"top\">En grec ancien :<br \/>\n<em>Que les dieux t\u2019apportent la sant\u00e9<\/em>.<\/td>\n<\/tr>\n<tr>\n<td><a href=\"http:\/\/anticopedie.fr\/WordPress\/?p=544\"><img loading=\"lazy\" decoding=\"async\" class=\"aligncenter size-medium wp-image-546\" src=\"http:\/\/anticopedie.fr\/WordPress\/wp-content\/uploads\/2016\/12\/grece4final-300x209.jpg\" alt=\"Bonne ann\u00e9e\" width=\"150\" height=\"204\" \/><\/a><\/td>\n<td valign=\"top\">En grec ancien :<br \/>\n<em>Bonne ann\u00e9e !<\/em><\/td>\n<\/tr>\n<tr>\n<td><a href=\"http:\/\/anticopedie.fr\/WordPress\/?p=533\"><img loading=\"lazy\" decoding=\"async\" class=\"aligncenter size-medium wp-image-534\" src=\"http:\/\/anticopedie.fr\/WordPress\/wp-content\/uploads\/2016\/11\/latin1final-209x300.jpg\" alt=\"Que la force et la vertu soient avec toi.\" width=\"104\" height=\"150\" srcset=\"https:\/\/anticopedie.fr\/WordPress\/wp-content\/uploads\/2016\/11\/latin1final-209x300.jpg 209w, https:\/\/anticopedie.fr\/WordPress\/wp-content\/uploads\/2016\/11\/latin1final.jpg 469w\" sizes=\"auto, (max-width: 104px) 100vw, 104px\" \/><\/a><\/td>\n<td valign=\"top\">En latin :<br \/>\n<em>Que la force et la vertu soient avec toi.<em><br \/>\n\u00a9 H\u00e9l\u00e8ne Crochemore<\/em><\/em><\/td>\n<\/tr>\n<tr>\n<td><a href=\"http:\/\/anticopedie.fr\/WordPress\/?p=549\"><img loading=\"lazy\" decoding=\"async\" class=\"aligncenter size-medium wp-image-550\" src=\"http:\/\/anticopedie.fr\/WordPress\/wp-content\/uploads\/2016\/11\/latin2final-300x209.jpg\" alt=\"Bon anniversaire !\" width=\"150\" height=\"104\" srcset=\"https:\/\/anticopedie.fr\/WordPress\/wp-content\/uploads\/2016\/11\/latin2final-300x209.jpg 300w, https:\/\/anticopedie.fr\/WordPress\/wp-content\/uploads\/2016\/11\/latin2final.jpg 672w\" sizes=\"auto, (max-width: 150px) 100vw, 150px\" \/><\/a><\/td>\n<td valign=\"top\">En latin :<br \/>\n<em>Bon anniversaire !<em><br \/>\n\u00a9 H\u00e9l\u00e8ne Crochemore<\/em><\/em><\/td>\n<\/tr>\n<tr>\n<td><a href=\"http:\/\/anticopedie.fr\/WordPress\/?p=557\"><img loading=\"lazy\" decoding=\"async\" class=\"aligncenter size-medium wp-image-558\" src=\"http:\/\/anticopedie.fr\/WordPress\/wp-content\/uploads\/2016\/11\/egypte1final-210x300.jpg\" alt=\"Puissiez-vous savoir toute chose comme les dieux.\" width=\"104\" height=\"150\" srcset=\"https:\/\/anticopedie.fr\/WordPress\/wp-content\/uploads\/2016\/11\/egypte1final-210x300.jpg 210w, https:\/\/anticopedie.fr\/WordPress\/wp-content\/uploads\/2016\/11\/egypte1final.jpg 469w\" sizes=\"auto, (max-width: 104px) 100vw, 104px\" \/><\/a><\/td>\n<td valign=\"top\">En hi\u00e9roglyphes \u00e9gyptiens :<br \/>\n<em>Puissiez-vous savoir toute chose comme les dieux.<\/em><\/td>\n<\/tr>\n<tr>\n<td><a href=\"http:\/\/anticopedie.fr\/WordPress\/?p=560\"><img loading=\"lazy\" decoding=\"async\" class=\"aligncenter size-medium wp-image-561\" src=\"http:\/\/anticopedie.fr\/WordPress\/wp-content\/uploads\/2016\/11\/egypte2final-209x300.jpg\" alt=\"Qu\u2019il soit vivant, intact et en bonne sant\u00e9.\" width=\"104\" height=\"150\" srcset=\"https:\/\/anticopedie.fr\/WordPress\/wp-content\/uploads\/2016\/11\/egypte2final-209x300.jpg 209w, https:\/\/anticopedie.fr\/WordPress\/wp-content\/uploads\/2016\/11\/egypte2final.jpg 469w\" sizes=\"auto, (max-width: 104px) 100vw, 104px\" \/><\/a><\/td>\n<td valign=\"top\">En hi\u00e9roglyphes \u00e9gyptiens :<br \/>\n<em>Qu\u2019il soit vivant, intact et en bonne sant\u00e9.<\/em><\/td>\n<\/tr>\n<tr>\n<td><a href=\"http:\/\/anticopedie.fr\/WordPress\/?p=563\"><img loading=\"lazy\" decoding=\"async\" class=\"aligncenter size-medium wp-image-564\" src=\"http:\/\/anticopedie.fr\/WordPress\/wp-content\/uploads\/2016\/11\/egypte3final-300x210.jpg\" alt=\"A ta sant\u00e9 !\" width=\"150\" height=\"104\" srcset=\"https:\/\/anticopedie.fr\/WordPress\/wp-content\/uploads\/2016\/11\/egypte3final-300x210.jpg 300w, https:\/\/anticopedie.fr\/WordPress\/wp-content\/uploads\/2016\/11\/egypte3final.jpg 672w\" sizes=\"auto, (max-width: 150px) 100vw, 150px\" \/><\/a><\/td>\n<td valign=\"top\">En hi\u00e9roglyphes \u00e9gyptiens :<br \/>\n<em>A ta sant\u00e9 !<\/em><\/td>\n<\/tr>\n<tr>\n<td><a href=\"http:\/\/anticopedie.fr\/WordPress\/?p=566\"><img loading=\"lazy\" decoding=\"async\" class=\"aligncenter size-medium wp-image-567\" src=\"http:\/\/anticopedie.fr\/WordPress\/wp-content\/uploads\/2016\/11\/egypte4final-209x300.jpg\" alt=\"Bonne ann\u00e9e !\" width=\"104\" height=\"150\" srcset=\"https:\/\/anticopedie.fr\/WordPress\/wp-content\/uploads\/2016\/11\/egypte4final-209x300.jpg 209w, https:\/\/anticopedie.fr\/WordPress\/wp-content\/uploads\/2016\/11\/egypte4final.jpg 469w\" sizes=\"auto, (max-width: 104px) 100vw, 104px\" \/><\/a><\/td>\n<td valign=\"top\">En hi\u00e9roglyphes \u00e9gyptiens :<br \/>\n<em>Bonne ann\u00e9e !<\/em><\/td>\n<\/tr>\n<\/tbody>\n<\/table>\n<p>D&rsquo;autres suggestions ? Faites-le nous savoir !<\/p>\n","protected":false},"excerpt":{"rendered":"<p>10 cartes en grec ancien, latin ou hi\u00e9roglyphes \u00e9gyptiens! Cliquez sur les images : vous pourrez les t\u00e9l\u00e9charger GRATUITEMENT (1) (1)uniquement pour votre usage personnel, \u00e0 fins d&rsquo;envois individuels. Veuillez nous consulter pour tout autre usage. \u00a9 l&rsquo;AnticoP\u00e9die. En grec &hellip; <a href=\"https:\/\/anticopedie.fr\/WordPress\/?page_id=610\">Continuer la lecture <span class=\"meta-nav\">&rarr;<\/span><\/a><\/p>\n","protected":false},"author":1,"featured_media":0,"parent":0,"menu_order":0,"comment_status":"closed","ping_status":"closed","template":"","meta":{"footnotes":""},"class_list":["post-610","page","type-page","status-publish","hentry"],"yoast_head":"<!-- This site is optimized with the Yoast SEO plugin v27.3 - https:\/\/yoast.com\/product\/yoast-seo-wordpress\/ -->\n<title>Des cartes de voeux en latin, grec, \u00e9gyptien hi\u00e9roglyphique<\/title>\n<meta name=\"description\" content=\"Cadeau: des cartes de v\u0153ux pour toutes occasions en latin, grec ancien ou hi\u00e9roglyphes \u00e9gyptiens.\" \/>\n<meta name=\"robots\" content=\"index, follow, max-snippet:-1, max-image-preview:large, max-video-preview:-1\" \/>\n<link rel=\"canonical\" href=\"https:\/\/anticopedie.fr\/WordPress\/?page_id=610\" \/>\n<meta property=\"og:locale\" content=\"fr_FR\" \/>\n<meta property=\"og:type\" content=\"article\" \/>\n<meta property=\"og:title\" content=\"Des cartes de voeux en latin, grec, \u00e9gyptien hi\u00e9roglyphique\" \/>\n<meta property=\"og:description\" content=\"Cadeau: des cartes de v\u0153ux pour toutes occasions en latin, grec ancien ou hi\u00e9roglyphes \u00e9gyptiens.\" \/>\n<meta property=\"og:url\" content=\"https:\/\/anticopedie.fr\/WordPress\/?page_id=610\" \/>\n<meta property=\"og:site_name\" content=\"AnticoP\u00e9die: le blog\" \/>\n<meta property=\"og:image\" content=\"http:\/\/anticopedie.fr\/WordPress\/wp-content\/uploads\/2016\/11\/grece1final-209x300.jpg\" \/>\n<script type=\"application\/ld+json\" class=\"yoast-schema-graph\">{\"@context\":\"https:\\\/\\\/schema.org\",\"@graph\":[{\"@type\":\"WebPage\",\"@id\":\"https:\\\/\\\/anticopedie.fr\\\/WordPress\\\/?page_id=610\",\"url\":\"https:\\\/\\\/anticopedie.fr\\\/WordPress\\\/?page_id=610\",\"name\":\"Des cartes de voeux en latin, grec, \u00e9gyptien hi\u00e9roglyphique\",\"isPartOf\":{\"@id\":\"https:\\\/\\\/anticopedie.fr\\\/WordPress\\\/#website\"},\"primaryImageOfPage\":{\"@id\":\"https:\\\/\\\/anticopedie.fr\\\/WordPress\\\/?page_id=610#primaryimage\"},\"image\":{\"@id\":\"https:\\\/\\\/anticopedie.fr\\\/WordPress\\\/?page_id=610#primaryimage\"},\"thumbnailUrl\":\"http:\\\/\\\/anticopedie.fr\\\/WordPress\\\/wp-content\\\/uploads\\\/2016\\\/11\\\/grece1final-209x300.jpg\",\"datePublished\":\"2016-11-25T06:53:49+00:00\",\"description\":\"Cadeau: des cartes de v\u0153ux pour toutes occasions en latin, grec ancien ou hi\u00e9roglyphes \u00e9gyptiens.\",\"breadcrumb\":{\"@id\":\"https:\\\/\\\/anticopedie.fr\\\/WordPress\\\/?page_id=610#breadcrumb\"},\"inLanguage\":\"fr-FR\",\"potentialAction\":[{\"@type\":\"ReadAction\",\"target\":[\"https:\\\/\\\/anticopedie.fr\\\/WordPress\\\/?page_id=610\"]}]},{\"@type\":\"ImageObject\",\"inLanguage\":\"fr-FR\",\"@id\":\"https:\\\/\\\/anticopedie.fr\\\/WordPress\\\/?page_id=610#primaryimage\",\"url\":\"http:\\\/\\\/anticopedie.fr\\\/WordPress\\\/wp-content\\\/uploads\\\/2016\\\/11\\\/grece1final-209x300.jpg\",\"contentUrl\":\"http:\\\/\\\/anticopedie.fr\\\/WordPress\\\/wp-content\\\/uploads\\\/2016\\\/11\\\/grece1final-209x300.jpg\"},{\"@type\":\"BreadcrumbList\",\"@id\":\"https:\\\/\\\/anticopedie.fr\\\/WordPress\\\/?page_id=610#breadcrumb\",\"itemListElement\":[{\"@type\":\"ListItem\",\"position\":1,\"name\":\"Accueil\",\"item\":\"https:\\\/\\\/anticopedie.fr\\\/WordPress\\\/\"},{\"@type\":\"ListItem\",\"position\":2,\"name\":\"Des cartes de v\u0153ux \u00ab\u00a0antiques\u00a0\u00bb \u00e0 t\u00e9l\u00e9charger !\"}]},{\"@type\":\"WebSite\",\"@id\":\"https:\\\/\\\/anticopedie.fr\\\/WordPress\\\/#website\",\"url\":\"https:\\\/\\\/anticopedie.fr\\\/WordPress\\\/\",\"name\":\"AnticoP\u00e9die: le blog\",\"description\":\"Trouvez ici les nouveaut\u00e9s de l&#039;AnticoP\u00e9die\",\"publisher\":{\"@id\":\"https:\\\/\\\/anticopedie.fr\\\/WordPress\\\/#organization\"},\"potentialAction\":[{\"@type\":\"SearchAction\",\"target\":{\"@type\":\"EntryPoint\",\"urlTemplate\":\"https:\\\/\\\/anticopedie.fr\\\/WordPress\\\/?s={search_term_string}\"},\"query-input\":{\"@type\":\"PropertyValueSpecification\",\"valueRequired\":true,\"valueName\":\"search_term_string\"}}],\"inLanguage\":\"fr-FR\"},{\"@type\":\"Organization\",\"@id\":\"https:\\\/\\\/anticopedie.fr\\\/WordPress\\\/#organization\",\"name\":\"AnticoPedie\",\"url\":\"https:\\\/\\\/anticopedie.fr\\\/WordPress\\\/\",\"logo\":{\"@type\":\"ImageObject\",\"inLanguage\":\"fr-FR\",\"@id\":\"https:\\\/\\\/anticopedie.fr\\\/WordPress\\\/#\\\/schema\\\/logo\\\/image\\\/\",\"url\":\"https:\\\/\\\/anticopedie.fr\\\/WordPress\\\/wp-content\\\/uploads\\\/2022\\\/04\\\/logo.jpg\",\"contentUrl\":\"https:\\\/\\\/anticopedie.fr\\\/WordPress\\\/wp-content\\\/uploads\\\/2022\\\/04\\\/logo.jpg\",\"width\":989,\"height\":211,\"caption\":\"AnticoPedie\"},\"image\":{\"@id\":\"https:\\\/\\\/anticopedie.fr\\\/WordPress\\\/#\\\/schema\\\/logo\\\/image\\\/\"}}]}<\/script>\n<!-- \/ Yoast SEO plugin. -->","yoast_head_json":{"title":"Des cartes de voeux en latin, grec, \u00e9gyptien hi\u00e9roglyphique","description":"Cadeau: des cartes de v\u0153ux pour toutes occasions en latin, grec ancien ou hi\u00e9roglyphes \u00e9gyptiens.","robots":{"index":"index","follow":"follow","max-snippet":"max-snippet:-1","max-image-preview":"max-image-preview:large","max-video-preview":"max-video-preview:-1"},"canonical":"https:\/\/anticopedie.fr\/WordPress\/?page_id=610","og_locale":"fr_FR","og_type":"article","og_title":"Des cartes de voeux en latin, grec, \u00e9gyptien hi\u00e9roglyphique","og_description":"Cadeau: des cartes de v\u0153ux pour toutes occasions en latin, grec ancien ou hi\u00e9roglyphes \u00e9gyptiens.","og_url":"https:\/\/anticopedie.fr\/WordPress\/?page_id=610","og_site_name":"AnticoP\u00e9die: le blog","og_image":[{"url":"http:\/\/anticopedie.fr\/WordPress\/wp-content\/uploads\/2016\/11\/grece1final-209x300.jpg","type":"","width":"","height":""}],"schema":{"@context":"https:\/\/schema.org","@graph":[{"@type":"WebPage","@id":"https:\/\/anticopedie.fr\/WordPress\/?page_id=610","url":"https:\/\/anticopedie.fr\/WordPress\/?page_id=610","name":"Des cartes de voeux en latin, grec, \u00e9gyptien hi\u00e9roglyphique","isPartOf":{"@id":"https:\/\/anticopedie.fr\/WordPress\/#website"},"primaryImageOfPage":{"@id":"https:\/\/anticopedie.fr\/WordPress\/?page_id=610#primaryimage"},"image":{"@id":"https:\/\/anticopedie.fr\/WordPress\/?page_id=610#primaryimage"},"thumbnailUrl":"http:\/\/anticopedie.fr\/WordPress\/wp-content\/uploads\/2016\/11\/grece1final-209x300.jpg","datePublished":"2016-11-25T06:53:49+00:00","description":"Cadeau: des cartes de v\u0153ux pour toutes occasions en latin, grec ancien ou hi\u00e9roglyphes \u00e9gyptiens.","breadcrumb":{"@id":"https:\/\/anticopedie.fr\/WordPress\/?page_id=610#breadcrumb"},"inLanguage":"fr-FR","potentialAction":[{"@type":"ReadAction","target":["https:\/\/anticopedie.fr\/WordPress\/?page_id=610"]}]},{"@type":"ImageObject","inLanguage":"fr-FR","@id":"https:\/\/anticopedie.fr\/WordPress\/?page_id=610#primaryimage","url":"http:\/\/anticopedie.fr\/WordPress\/wp-content\/uploads\/2016\/11\/grece1final-209x300.jpg","contentUrl":"http:\/\/anticopedie.fr\/WordPress\/wp-content\/uploads\/2016\/11\/grece1final-209x300.jpg"},{"@type":"BreadcrumbList","@id":"https:\/\/anticopedie.fr\/WordPress\/?page_id=610#breadcrumb","itemListElement":[{"@type":"ListItem","position":1,"name":"Accueil","item":"https:\/\/anticopedie.fr\/WordPress\/"},{"@type":"ListItem","position":2,"name":"Des cartes de v\u0153ux \u00ab\u00a0antiques\u00a0\u00bb \u00e0 t\u00e9l\u00e9charger !"}]},{"@type":"WebSite","@id":"https:\/\/anticopedie.fr\/WordPress\/#website","url":"https:\/\/anticopedie.fr\/WordPress\/","name":"AnticoP\u00e9die: le blog","description":"Trouvez ici les nouveaut\u00e9s de l&#039;AnticoP\u00e9die","publisher":{"@id":"https:\/\/anticopedie.fr\/WordPress\/#organization"},"potentialAction":[{"@type":"SearchAction","target":{"@type":"EntryPoint","urlTemplate":"https:\/\/anticopedie.fr\/WordPress\/?s={search_term_string}"},"query-input":{"@type":"PropertyValueSpecification","valueRequired":true,"valueName":"search_term_string"}}],"inLanguage":"fr-FR"},{"@type":"Organization","@id":"https:\/\/anticopedie.fr\/WordPress\/#organization","name":"AnticoPedie","url":"https:\/\/anticopedie.fr\/WordPress\/","logo":{"@type":"ImageObject","inLanguage":"fr-FR","@id":"https:\/\/anticopedie.fr\/WordPress\/#\/schema\/logo\/image\/","url":"https:\/\/anticopedie.fr\/WordPress\/wp-content\/uploads\/2022\/04\/logo.jpg","contentUrl":"https:\/\/anticopedie.fr\/WordPress\/wp-content\/uploads\/2022\/04\/logo.jpg","width":989,"height":211,"caption":"AnticoPedie"},"image":{"@id":"https:\/\/anticopedie.fr\/WordPress\/#\/schema\/logo\/image\/"}}]}},"_links":{"self":[{"href":"https:\/\/anticopedie.fr\/WordPress\/index.php?rest_route=\/wp\/v2\/pages\/610","targetHints":{"allow":["GET"]}}],"collection":[{"href":"https:\/\/anticopedie.fr\/WordPress\/index.php?rest_route=\/wp\/v2\/pages"}],"about":[{"href":"https:\/\/anticopedie.fr\/WordPress\/index.php?rest_route=\/wp\/v2\/types\/page"}],"author":[{"embeddable":true,"href":"https:\/\/anticopedie.fr\/WordPress\/index.php?rest_route=\/wp\/v2\/users\/1"}],"replies":[{"embeddable":true,"href":"https:\/\/anticopedie.fr\/WordPress\/index.php?rest_route=%2Fwp%2Fv2%2Fcomments&post=610"}],"version-history":[{"count":1,"href":"https:\/\/anticopedie.fr\/WordPress\/index.php?rest_route=\/wp\/v2\/pages\/610\/revisions"}],"predecessor-version":[{"id":611,"href":"https:\/\/anticopedie.fr\/WordPress\/index.php?rest_route=\/wp\/v2\/pages\/610\/revisions\/611"}],"wp:attachment":[{"href":"https:\/\/anticopedie.fr\/WordPress\/index.php?rest_route=%2Fwp%2Fv2%2Fmedia&parent=610"}],"curies":[{"name":"wp","href":"https:\/\/api.w.org\/{rel}","templated":true}]}}